{"id":26,"date":"2017-10-18T10:02:43","date_gmt":"2017-10-18T13:02:43","guid":{"rendered":"https:\/\/blackeagleoperaciones.com\/sitio\/?page_id=26"},"modified":"2024-07-24T10:42:02","modified_gmt":"2024-07-24T13:42:02","slug":"black-eagle","status":"publish","type":"page","link":"https:\/\/blackeagleoperaciones.com\/sitio\/index.php\/black-eagle\/","title":{"rendered":"Black Eagle"},"content":{"rendered":"\t\t<div data-elementor-type=\"wp-page\" data-elementor-id=\"26\" class=\"elementor elementor-26\" data-elementor-post-type=\"page\">\n\t\t\t\t\t\t<section class=\"elementor-section elementor-top-section elementor-element elementor-element-bzrujfg elementor-section-full_width elementor-section-height-default elementor-section-height-default\" data-id=\"bzrujfg\" data-element_type=\"section\" data-e-type=\"section\" data-settings=\"{&quot;background_background&quot;:&quot;classic&quot;}\">\n\t\t\t\t\t\t<div class=\"elementor-container elementor-column-gap-default\">\n\t\t\t\t\t<div class=\"elementor-column elementor-col-100 elementor-top-column elementor-element elementor-element-eykjozc\" data-id=\"eykjozc\" data-element_type=\"column\" data-e-type=\"column\">\n\t\t\t<div class=\"elementor-widget-wrap elementor-element-populated\">\n\t\t\t\t\t\t<section class=\"elementor-section elementor-inner-section elementor-element elementor-element-wy4xysa elementor-section-full_width elementor-section-height-default elementor-section-height-default\" data-id=\"wy4xysa\" data-element_type=\"section\" data-e-type=\"section\">\n\t\t\t\t\t\t<div class=\"elementor-container elementor-column-gap-default\">\n\t\t\t\t\t<div class=\"elementor-column elementor-col-100 elementor-inner-column elementor-element elementor-element-3j0foj4\" data-id=\"3j0foj4\" data-element_type=\"column\" data-e-type=\"column\">\n\t\t\t<div class=\"elementor-widget-wrap elementor-element-populated\">\n\t\t\t\t\t\t<div class=\"elementor-element elementor-element-x29nww4 elementor-widget elementor-widget-image\" data-id=\"x29nww4\" data-element_type=\"widget\" data-e-type=\"widget\" data-widget_type=\"image.default\">\n\t\t\t\t<div class=\"elementor-widget-container\">\n\t\t\t\t\t\t\t\t\t\t\t\t\t\t\t<img decoding=\"async\" src=\"https:\/\/blackeagleoperaciones.com\/sitio\/wp-content\/uploads\/2019\/10\/BLACK-eagle-2019.jpg\" title=\"BLACK-eagle-2019\" alt=\"BLACK-eagle-2019\" loading=\"lazy\" \/>\t\t\t\t\t\t\t\t\t\t\t\t\t\t\t<\/div>\n\t\t\t\t<\/div>\n\t\t\t\t\t<\/div>\n\t\t<\/div>\n\t\t\t\t\t<\/div>\n\t\t<\/section>\n\t\t\t\t<div class=\"elementor-element elementor-element-bln2to2 elementor-widget-divider--view-line elementor-widget elementor-widget-divider\" data-id=\"bln2to2\" data-element_type=\"widget\" data-e-type=\"widget\" data-widget_type=\"divider.default\">\n\t\t\t\t<div class=\"elementor-widget-container\">\n\t\t\t\t\t\t\t<div class=\"elementor-divider\">\n\t\t\t<span class=\"elementor-divider-separator\">\n\t\t\t\t\t\t<\/span>\n\t\t<\/div>\n\t\t\t\t\t\t<\/div>\n\t\t\t\t<\/div>\n\t\t\t\t<section class=\"elementor-section elementor-inner-section elementor-element elementor-element-rmkwzi1 elementor-section-boxed elementor-section-height-default elementor-section-height-default\" data-id=\"rmkwzi1\" data-element_type=\"section\" data-e-type=\"section\">\n\t\t\t\t\t\t<div class=\"elementor-container elementor-column-gap-default\">\n\t\t\t\t\t<div class=\"elementor-column elementor-col-50 elementor-inner-column elementor-element elementor-element-e5qghk5\" data-id=\"e5qghk5\" data-element_type=\"column\" data-e-type=\"column\">\n\t\t\t<div class=\"elementor-widget-wrap elementor-element-populated\">\n\t\t\t\t\t\t<div class=\"elementor-element elementor-element-xdnuupy elementor-widget elementor-widget-text-editor\" data-id=\"xdnuupy\" data-element_type=\"widget\" data-e-type=\"widget\" data-widget_type=\"text-editor.default\">\n\t\t\t\t<div class=\"elementor-widget-container\">\n\t\t\t\t\t\t\t\t\t<p><strong>BLACK EAGLE<\/strong>, \u201cElite\u201d en operaciones de seguridad. Proveemos confianza al m\u00e1s alto nivel y brindamos nuestros servicios en cualquier tipo de zona o \u00e1mbito del territorio nacional. No somos EST\u00c1NDAR. Estamos altamente capacitados para cumplir con las necesidades de nuestros clientes, en todas las \u00e1reas y objetivos de seguridad.<\/p><p>Nuestra misi\u00f3n comienza a partir del momento que contrata <strong>BLACK EAGLE<\/strong>,\u00a0 nos plantea su necesidad y tenemos el objetivo de solucionar ese problema por usted, de manera que contin\u00fae con su vida familiar y sus responsabilidades empresariales sin preocupaci\u00f3n alguna.<\/p><p>Analizamos los problemas de inseguridad que sufre la poblaci\u00f3n con el crimen organizado y creamos un plan para neutralizar el delito, con seguridad f\u00edsica, seguridad administrativa y el apoyo de la seguridad electr\u00f3nica e inform\u00e1tica.<\/p>\t\t\t\t\t\t\t\t<\/div>\n\t\t\t\t<\/div>\n\t\t\t\t\t<\/div>\n\t\t<\/div>\n\t\t\t\t<div class=\"elementor-column elementor-col-50 elementor-inner-column elementor-element elementor-element-647i6hk\" data-id=\"647i6hk\" data-element_type=\"column\" data-e-type=\"column\">\n\t\t\t<div class=\"elementor-widget-wrap elementor-element-populated\">\n\t\t\t\t\t\t<div class=\"elementor-element elementor-element-7322778 elementor-flip-box--effect-flip elementor-flip-box--direction-up elementor-widget elementor-widget-flip-box\" data-id=\"7322778\" data-element_type=\"widget\" data-e-type=\"widget\" data-widget_type=\"flip-box.default\">\n\t\t\t\t<div class=\"elementor-widget-container\">\n\t\t\t\t\t\t\t<div class=\"elementor-flip-box\" tabindex=\"0\">\n\t\t\t<div class=\"elementor-flip-box__layer elementor-flip-box__front\">\n\t\t\t\t<div class=\"elementor-flip-box__layer__overlay\">\n\t\t\t\t\t<div class=\"elementor-flip-box__layer__inner\">\n\t\t\t\t\t\t\n\t\t\t\t\t\t\t\t\t\t\t\t\t<h3 class=\"elementor-flip-box__layer__title\">\n\t\t\t\t\t\t\t\tSeguridad y confianza= Satisfacci\u00f3n final\t\t\t\t\t\t\t<\/h3>\n\t\t\t\t\t\t\n\t\t\t\t\t\t\t\t\t\t\t<\/div>\n\t\t\t\t<\/div>\n\t\t\t<\/div>\n\t\t\t<div class=\"elementor-flip-box__layer elementor-flip-box__back\">\n\t\t\t<div class=\"elementor-flip-box__layer__overlay\">\n\t\t\t\t<div class=\"elementor-flip-box__layer__inner\">\n\t\t\t\t\t\n\t\t\t\t\t\t\t\t\t\t\t<div class=\"elementor-flip-box__layer__description\">\n\t\t\t\t\t\t\tEl personal de BLACK EAGLE, tiene un legajo profesional, proveniente de FF.AA., con la capacidad de cumplir con las expectativas de nuestros clientes en la protecci\u00f3n de sus activos en materia defensa y seguridad.\t\t\t\t\t\t<\/div>\n\t\t\t\t\t\n\t\t\t\t\t\t\t\t<\/div>\n\t\t<\/div>\n\t\t<\/div>\n\t\t<\/div>\n\t\t\t\t\t\t<\/div>\n\t\t\t\t<\/div>\n\t\t\t\t\t<\/div>\n\t\t<\/div>\n\t\t\t\t\t<\/div>\n\t\t<\/section>\n\t\t\t\t\t<\/div>\n\t\t<\/div>\n\t\t\t\t\t<\/div>\n\t\t<\/section>\n\t\t\t\t<section class=\"elementor-section elementor-top-section elementor-element elementor-element-gr4zsi0 elementor-section-boxed elementor-section-height-default elementor-section-height-default\" data-id=\"gr4zsi0\" data-element_type=\"section\" data-e-type=\"section\">\n\t\t\t\t\t\t<div class=\"elementor-container elementor-column-gap-default\">\n\t\t\t\t\t<div class=\"elementor-column elementor-col-100 elementor-top-column elementor-element elementor-element-ffcvkdn\" data-id=\"ffcvkdn\" data-element_type=\"column\" data-e-type=\"column\">\n\t\t\t<div class=\"elementor-widget-wrap elementor-element-populated\">\n\t\t\t\t\t\t<div class=\"elementor-element elementor-element-pbynws6 elementor-widget-divider--view-line elementor-widget elementor-widget-divider\" data-id=\"pbynws6\" data-element_type=\"widget\" data-e-type=\"widget\" data-widget_type=\"divider.default\">\n\t\t\t\t<div class=\"elementor-widget-container\">\n\t\t\t\t\t\t\t<div class=\"elementor-divider\">\n\t\t\t<span class=\"elementor-divider-separator\">\n\t\t\t\t\t\t<\/span>\n\t\t<\/div>\n\t\t\t\t\t\t<\/div>\n\t\t\t\t<\/div>\n\t\t\t\t<div class=\"elementor-element elementor-element-ci0cftf elementor-widget elementor-widget-text-editor\" data-id=\"ci0cftf\" data-element_type=\"widget\" data-e-type=\"widget\" data-widget_type=\"text-editor.default\">\n\t\t\t\t<div class=\"elementor-widget-container\">\n\t\t\t\t\t\t\t\t\t<p>En cuanto a seguridad inform\u00e1tica, <strong>BLACK EAGLE<\/strong> est\u00e1 dedicada a brindar excelencia en instalaciones y un amplio profesionalismo en atenci\u00f3n y orientaci\u00f3n al cliente con trabajos de alta tecnolog\u00eda con las m\u00e1s prestigiosas y reconocidas marcas a nivel nacional e internacional.<br \/>La amplia gama de productos que manejamos permite su implementaci\u00f3n tanto en \u00e1mbitos empresarios como hogare\u00f1os. Estos sistemas se utilizan para seguridad y vigilancia en comercios, estacionamientos, clubes, empresas, hogares, colegios, jardines de infantes, geri\u00e1tricos, instituciones, etc.<br \/>Para usted es importante contar con un sistema de seguridad fiable y es por eso es que no solo disponemos de la m\u00e1s moderna tecnolog\u00eda en sistemas de alarmas y c\u00e1maras de seguridad, tambi\u00e9n contamos con el mejor equipo de profesionales calificados no solo por su capacidad y conocimientos t\u00e9cnicos, sino por su discreci\u00f3n y profesionalidad, con lo que cerramos un circulo herm\u00e9tico en torno a su seguridad, la de sus bienes y de sus seres cercanos.<br \/><strong>BLACK EAGLE<\/strong> adem\u00e1s instala en cualquier punto del pa\u00eds sistemas de seguridad por video que cumplen con los m\u00e1s variados requerimientos del mercado, sistemas v\u00eda IP, desde c\u00e1maras b\u00e1sicas y fijas a equipos con movimientos, visi\u00f3n nocturna, sonido y ajustes remotos entre otras caracter\u00edsticas. Sistemas digitales que permiten el almacenamiento de escenas durante largos periodos de tiempo ya sea en m\u00e1quinas de grabaci\u00f3n digitales dedicadas o utilizando computadoras integradas al sistema.<br \/>Uno de los grandes atractivos de los sistemas que ofrecemos es la posibilidad de visualizaci\u00f3n de las im\u00e1genes a trav\u00e9s de Internet, pudiendo utilizar el explorador de Internet para monitoreos b\u00e1sicos o tener instalado el software dedicado en cualquier PC, logrando acceder a todas las herramientas del sistema a trav\u00e9s de Internet desde la comodidad de su casa o cualquier otro lugar. Otras de las prestaciones interesantes son la posibilidad de que ante una intrusi\u00f3n se env\u00eden avisos v\u00eda e-mail o mensaje de texto y la comodidad de monitorear las c\u00e1maras a trav\u00e9s de su tel\u00e9fono celular. Tambi\u00e9n ofrecemos Monitoreo de Im\u00e1genes desde nuestra central de monitoreo.<br \/>Adem\u00e1s brindamos Sistemas de Alarmas Monitoreadas contra intrusos desarrollando una soluci\u00f3n especial y adecuada para cada necesidad controlando la seguridad de sus bienes y su intimidad.<br \/>Esto es posible ya que utilizamos los \u00faltimos adelantos tecnol\u00f3gicos de sistemas confiables, garantizando las centrales, con cero margen de falla, totalmente inviolable, con un excelente servicio post-venta.<br \/>En, <strong>BLACK EAGLE<\/strong> no solo vendemos e instalamos sistemas, le brindamos seguridad desde el momento que Ud. nos contrata. Ll\u00e1menos y Ud. mismo compruebe la diferencia.<br \/><strong>La seguridad de su casa, empresa, comercio o instituci\u00f3n es nuestro trabajo, para que usted este tranquilo.<\/strong><\/p>\t\t\t\t\t\t\t\t<\/div>\n\t\t\t\t<\/div>\n\t\t\t\t\t<\/div>\n\t\t<\/div>\n\t\t\t\t\t<\/div>\n\t\t<\/section>\n\t\t\t\t<section class=\"elementor-section elementor-top-section elementor-element elementor-element-327852a elementor-section-boxed elementor-section-height-default elementor-section-height-default\" data-id=\"327852a\" data-element_type=\"section\" data-e-type=\"section\">\n\t\t\t\t\t\t<div class=\"elementor-container elementor-column-gap-default\">\n\t\t\t\t\t<div class=\"elementor-column elementor-col-100 elementor-top-column elementor-element elementor-element-72fe3d7\" data-id=\"72fe3d7\" data-element_type=\"column\" data-e-type=\"column\">\n\t\t\t<div class=\"elementor-widget-wrap elementor-element-populated\">\n\t\t\t\t\t\t<div class=\"elementor-element elementor-element-76de818 elementor-shape-rounded elementor-grid-0 e-grid-align-center elementor-widget elementor-widget-social-icons\" data-id=\"76de818\" data-element_type=\"widget\" data-e-type=\"widget\" data-widget_type=\"social-icons.default\">\n\t\t\t\t<div class=\"elementor-widget-container\">\n\t\t\t\t\t\t\t<div class=\"elementor-social-icons-wrapper elementor-grid\" role=\"list\">\n\t\t\t\t\t\t\t<span class=\"elementor-grid-item\" role=\"listitem\">\n\t\t\t\t\t<a class=\"elementor-icon elementor-social-icon elementor-social-icon-envelope elementor-repeater-item-b13658b\" href=\"mailto:info@blackeagleoperaciones.com\" target=\"_blank\">\n\t\t\t\t\t\t<span class=\"elementor-screen-only\">Envelope<\/span>\n\t\t\t\t\t\t\t\t\t\t\t\t\t<i class=\"fa fa-envelope\" aria-hidden=\"true\"><\/i>\n\t\t\t\t\t\t\t\t\t\t\t<\/a>\n\t\t\t\t<\/span>\n\t\t\t\t\t\t\t<span class=\"elementor-grid-item\" role=\"listitem\">\n\t\t\t\t\t<a class=\"elementor-icon elementor-social-icon elementor-social-icon-facebook elementor-repeater-item-37b09c1\" href=\"https:\/\/www.facebook.com\/operacionesblackeagle\" target=\"_blank\">\n\t\t\t\t\t\t<span class=\"elementor-screen-only\">Facebook<\/span>\n\t\t\t\t\t\t\t\t\t\t\t\t\t<i class=\"fa fa-facebook\" aria-hidden=\"true\"><\/i>\n\t\t\t\t\t\t\t\t\t\t\t<\/a>\n\t\t\t\t<\/span>\n\t\t\t\t\t\t\t<span class=\"elementor-grid-item\" role=\"listitem\">\n\t\t\t\t\t<a class=\"elementor-icon elementor-social-icon elementor-social-icon-instagram elementor-repeater-item-58b643b\" href=\"https:\/\/www.instagram.com\/blackeagleoperaciones\/\" target=\"_blank\">\n\t\t\t\t\t\t<span class=\"elementor-screen-only\">Instagram<\/span>\n\t\t\t\t\t\t\t\t\t\t\t\t\t<i class=\"fa fa-instagram\" aria-hidden=\"true\"><\/i>\n\t\t\t\t\t\t\t\t\t\t\t<\/a>\n\t\t\t\t<\/span>\n\t\t\t\t\t\t\t<span class=\"elementor-grid-item\" role=\"listitem\">\n\t\t\t\t\t<a class=\"elementor-icon elementor-social-icon elementor-social-icon-whatsapp elementor-repeater-item-2fc4620\" href=\"https:\/\/api.whatsapp.com\/send?phone=541121938492\" target=\"_blank\">\n\t\t\t\t\t\t<span class=\"elementor-screen-only\">Whatsapp<\/span>\n\t\t\t\t\t\t\t\t\t\t\t\t\t<i class=\"fa fa-whatsapp\" aria-hidden=\"true\"><\/i>\n\t\t\t\t\t\t\t\t\t\t\t<\/a>\n\t\t\t\t<\/span>\n\t\t\t\t\t<\/div>\n\t\t\t\t\t\t<\/div>\n\t\t\t\t<\/div>\n\t\t\t\t\t<\/div>\n\t\t<\/div>\n\t\t\t\t\t<\/div>\n\t\t<\/section>\n\t\t\t\t<\/div>\n\t\t","protected":false},"excerpt":{"rendered":"<p>BLACK EAGLE, \u201cElite\u201d en operaciones de seguridad. Proveemos confianza al m\u00e1s alto nivel y brindamos nuestros servicios en cualquier tipo de zona o \u00e1mbito del territorio nacional. No somos EST\u00c1NDAR. Estamos altamente capacitados para cumplir con las necesidades de nuestros clientes, en todas las \u00e1reas y objetivos de seguridad. Nuestra misi\u00f3n comienza a partir del &#8230; <a title=\"Black Eagle\" class=\"read-more\" href=\"https:\/\/blackeagleoperaciones.com\/sitio\/index.php\/black-eagle\/\" aria-label=\"Read more about Black Eagle\">Leer m\u00e1s<\/a><\/p>\n","protected":false},"author":1,"featured_media":0,"parent":0,"menu_order":3,"comment_status":"closed","ping_status":"closed","template":"","meta":{"_monsterinsights_skip_tracking":false,"_monsterinsights_sitenote_active":false,"_monsterinsights_sitenote_note":"","_monsterinsights_sitenote_category":0,"generate_page_header":"","footnotes":""},"class_list":["post-26","page","type-page","status-publish"],"_links":{"self":[{"href":"https:\/\/blackeagleoperaciones.com\/sitio\/index.php\/wp-json\/wp\/v2\/pages\/26","targetHints":{"allow":["GET"]}}],"collection":[{"href":"https:\/\/blackeagleoperaciones.com\/sitio\/index.php\/wp-json\/wp\/v2\/pages"}],"about":[{"href":"https:\/\/blackeagleoperaciones.com\/sitio\/index.php\/wp-json\/wp\/v2\/types\/page"}],"author":[{"embeddable":true,"href":"https:\/\/blackeagleoperaciones.com\/sitio\/index.php\/wp-json\/wp\/v2\/users\/1"}],"replies":[{"embeddable":true,"href":"https:\/\/blackeagleoperaciones.com\/sitio\/index.php\/wp-json\/wp\/v2\/comments?post=26"}],"version-history":[{"count":31,"href":"https:\/\/blackeagleoperaciones.com\/sitio\/index.php\/wp-json\/wp\/v2\/pages\/26\/revisions"}],"predecessor-version":[{"id":342,"href":"https:\/\/blackeagleoperaciones.com\/sitio\/index.php\/wp-json\/wp\/v2\/pages\/26\/revisions\/342"}],"wp:attachment":[{"href":"https:\/\/blackeagleoperaciones.com\/sitio\/index.php\/wp-json\/wp\/v2\/media?parent=26"}],"curies":[{"name":"wp","href":"https:\/\/api.w.org\/{rel}","templated":true}]}}